{"id":18,"date":"2023-10-03T06:30:24","date_gmt":"2023-10-03T06:30:24","guid":{"rendered":"https:\/\/demo2wpopal.b-cdn.net\/djsound\/?page_id=18"},"modified":"2026-02-09T13:24:18","modified_gmt":"2026-02-09T12:24:18","slug":"about-us","status":"publish","type":"page","link":"https:\/\/circuitfestival.net\/asia\/about-us\/","title":{"rendered":"About Us"},"content":{"rendered":"\t\t<div data-elementor-type=\"wp-page\" data-elementor-id=\"18\" class=\"elementor elementor-18\">\n\t\t\t\t<div class=\"elementor-element elementor-element-3aedb54 e-flex e-con-boxed e-con e-parent\" data-id=\"3aedb54\" data-element_type=\"container\" data-settings=\"{&quot;djsound_line_number&quot;:0}\">\n\t\t\t\t\t<div class=\"e-con-inner\">\n\t\t<div class=\"elementor-element elementor-element-a0fc53f e-con-full e-flex e-con e-child\" data-id=\"a0fc53f\" data-element_type=\"container\" data-settings=\"{&quot;djsound_line_number&quot;:0}\">\n\t\t<div class=\"elementor-element elementor-element-02b9db5 e-con-full e-flex e-con e-child\" data-id=\"02b9db5\" data-element_type=\"container\" data-settings=\"{&quot;djsound_line_number&quot;:0}\">\n\t\t\t\t<div class=\"elementor-element elementor-element-5eb1cb9 elementor-widget elementor-widget-djsound-image-gallery\" data-id=\"5eb1cb9\" data-element_type=\"widget\" data-widget_type=\"djsound-image-gallery.default\">\n\t\t\t\t<div class=\"elementor-widget-container\">\n\t\t\t\t\t\n        <div class=\"elementor-opal-image-gallery\">\n            <div class=\"d-grid\">\n                                    <div class=\"grid__item masonry-item__all grid-item gallery_group_0\">\n                                                <a class=\"image-item-link\" style=\"background-image:url(https:\/\/circuitfestival.net\/asia\/wp-content\/uploads\/2026\/01\/landscape_pattaya.png)\" data-elementor-open-lightbox=\"yes\" data-elementor-lightbox-slideshow=\"5eb1cb9\" data-elementor-lightbox-title=\"landscape_pattaya\" data-e-action-hash=\"#elementor-action%3Aaction%3Dlightbox%26settings%3DeyJpZCI6ODc0NCwidXJsIjoiaHR0cHM6XC9cL2NpcmN1aXRmZXN0aXZhbC5uZXRcL2FzaWFcL3dwLWNvbnRlbnRcL3VwbG9hZHNcLzIwMjZcLzAxXC9sYW5kc2NhcGVfcGF0dGF5YS5wbmciLCJzbGlkZXNob3ciOiI1ZWIxY2I5In0%3D\" href=\"https:\/\/circuitfestival.net\/asia\/wp-content\/uploads\/2026\/01\/landscape_pattaya.png\">\n                            <img decoding=\"async\" src=\"https:\/\/circuitfestival.net\/asia\/wp-content\/uploads\/2026\/01\/landscape_pattaya.png\" alt=\"landscape_pattaya\"\/>\n                        <\/a>\n                    <\/div>\n                                <\/div>\n        <\/div>\n                \n        \t\t\t\t<\/div>\n\t\t\t\t<\/div>\n\t\t\t\t<div class=\"elementor-element elementor-element-81d853b elementor-widget elementor-widget-djsound-image-gallery\" data-id=\"81d853b\" data-element_type=\"widget\" data-widget_type=\"djsound-image-gallery.default\">\n\t\t\t\t<div class=\"elementor-widget-container\">\n\t\t\t\t\t\n        <div class=\"elementor-opal-image-gallery\">\n            <div class=\"d-grid\">\n                                    <div class=\"grid__item masonry-item__all grid-item gallery_group_0\">\n                                                <a class=\"image-item-link\" style=\"background-image:url(https:\/\/circuitfestival.net\/asia\/wp-content\/uploads\/2026\/01\/sactuary_of_truth.png)\" data-elementor-open-lightbox=\"yes\" data-elementor-lightbox-slideshow=\"81d853b\" data-elementor-lightbox-title=\"sactuary_of_truth\" data-e-action-hash=\"#elementor-action%3Aaction%3Dlightbox%26settings%3DeyJpZCI6ODc0NSwidXJsIjoiaHR0cHM6XC9cL2NpcmN1aXRmZXN0aXZhbC5uZXRcL2FzaWFcL3dwLWNvbnRlbnRcL3VwbG9hZHNcLzIwMjZcLzAxXC9zYWN0dWFyeV9vZl90cnV0aC5wbmciLCJzbGlkZXNob3ciOiI4MWQ4NTNiIn0%3D\" href=\"https:\/\/circuitfestival.net\/asia\/wp-content\/uploads\/2026\/01\/sactuary_of_truth.png\">\n                            <img decoding=\"async\" src=\"https:\/\/circuitfestival.net\/asia\/wp-content\/uploads\/2026\/01\/sactuary_of_truth.png\" alt=\"sactuary_of_truth\"\/>\n                        <\/a>\n                    <\/div>\n                                <\/div>\n        <\/div>\n                \n        \t\t\t\t<\/div>\n\t\t\t\t<\/div>\n\t\t\t\t<\/div>\n\t\t<div class=\"elementor-element elementor-element-0b5cd5a e-con-full e-flex e-con e-child\" data-id=\"0b5cd5a\" data-element_type=\"container\" data-settings=\"{&quot;djsound_line_number&quot;:0}\">\n\t\t\t\t<div class=\"elementor-element elementor-element-aa80024 elementor-widget elementor-widget-heading\" data-id=\"aa80024\" data-element_type=\"widget\" data-widget_type=\"heading.default\">\n\t\t\t\t<div class=\"elementor-widget-container\">\n\t\t\t\t\t<h6 class=\"elementor-heading-title elementor-size-default\">Where it all began<\/h6>\t\t\t\t<\/div>\n\t\t\t\t<\/div>\n\t\t\t\t<div class=\"elementor-element elementor-element-06c56f4 elementor-widget__width-initial elementor-widget-mobile_extra__width-inherit elementor-widget elementor-widget-heading\" data-id=\"06c56f4\" data-element_type=\"widget\" data-widget_type=\"heading.default\">\n\t\t\t\t<div class=\"elementor-widget-container\">\n\t\t\t\t\t<h2 class=\"elementor-heading-title elementor-size-default\">Circuit Festival ASIA<\/h2>\t\t\t\t<\/div>\n\t\t\t\t<\/div>\n\t\t\t\t<div class=\"elementor-element elementor-element-d41db4f elementor-widget__width-initial elementor-widget-mobile_extra__width-inherit elementor-widget elementor-widget-text-editor\" data-id=\"d41db4f\" data-element_type=\"widget\" data-widget_type=\"text-editor.default\">\n\t\t\t\t<div class=\"elementor-widget-container\">\n\t\t\t\t\t\t\t\t\t<p data-start=\"125\" data-end=\"392\"><strong data-start=\"125\" data-end=\"150\">Circuit Festival Asia<\/strong> is produced by <em>Cloud 9<\/em>, the creators of <strong data-start=\"196\" data-end=\"219\" data-is-only-node=\"\">White Party Bangkok<\/strong>, Thailand\u2019s largest gay dance festival, in collaboration with the renowned <em>Matin\u00e9e Group<\/em>, producers of Europe\u2019s biggest gay dance event, <strong data-start=\"361\" data-end=\"391\">Circuit Festival Barcelona<\/strong>.<\/p><p data-start=\"399\" data-end=\"766\">Launched in 2018, this three-day, four-party extravaganza has welcomed thousands of partygoers from across Asia and around the world, and has become<strong data-start=\"545\" data-end=\"594\"> Asia\u2019s ultimate gay dance festival<\/strong>. Now returning for its 7th edition, the festival delivers the ultimate gay dance getaway from <strong data-start=\"693\" data-end=\"713\">June 19\u201321, 2026<\/strong>, in the vibrant beach city of Pattaya, Thailand.<\/p><p data-start=\"773\" data-end=\"1039\"><strong data-start=\"773\" data-end=\"798\">Circuit Festival Asia<\/strong> features <strong data-start=\"808\" data-end=\"831\">four massive events<\/strong>, world-class production, <strong data-start=\"857\" data-end=\"893\" data-is-only-node=\"\">Asia\u2019s largest gay Beach Parties<\/strong>, top-tier international DJs, and an international crowd of Circuit enthusiasts ready to turn the weekend into the hottest vacation of the summer.<\/p><p data-start=\"1046\" data-end=\"1148\">Get ready for a party of epic proportions \u2014<strong data-start=\"1090\" data-end=\"1147\">\u00a0Pattaya is your ultimate party destination<\/strong>.<\/p>\t\t\t\t\t\t\t\t<\/div>\n\t\t\t\t<\/div>\n\t\t\t\t<\/div>\n\t\t\t\t<\/div>\n\t\t\t\t\t<\/div>\n\t\t\t\t<\/div>\n\t\t<div class=\"elementor-element elementor-element-8c7eb11 e-flex e-con-boxed e-con e-parent\" data-id=\"8c7eb11\" data-element_type=\"container\" data-settings=\"{&quot;background_background&quot;:&quot;classic&quot;,&quot;djsound_line_number&quot;:0}\">\n\t\t\t\t\t<div class=\"e-con-inner\">\n\t\t<div class=\"elementor-element elementor-element-a1ac51e e-con-full e-flex e-con e-child\" data-id=\"a1ac51e\" data-element_type=\"container\" data-settings=\"{&quot;djsound_line_number&quot;:0}\">\n\t\t\t\t<div class=\"elementor-element elementor-element-f70989b elementor-widget elementor-widget-heading\" data-id=\"f70989b\" data-element_type=\"widget\" data-widget_type=\"heading.default\">\n\t\t\t\t<div class=\"elementor-widget-container\">\n\t\t\t\t\t<h6 class=\"elementor-heading-title elementor-size-default\">The promoters<\/h6>\t\t\t\t<\/div>\n\t\t\t\t<\/div>\n\t\t<div class=\"elementor-element elementor-element-ad09edf e-grid e-con-full e-con e-child\" data-id=\"ad09edf\" data-element_type=\"container\" data-settings=\"{&quot;djsound_line_number&quot;:0}\">\n\t\t\t\t<div class=\"elementor-element elementor-element-a77d0ff elementor-widget elementor-widget-text-editor\" data-id=\"a77d0ff\" data-element_type=\"widget\" data-widget_type=\"text-editor.default\">\n\t\t\t\t<div class=\"elementor-widget-container\">\n\t\t\t\t\t\t\t\t\t<h4 style=\"text-align: center;\"><span style=\"color: #0080bb;\"><strong><span dir=\"auto\" style=\"vertical-align: inherit;\"><span dir=\"auto\" style=\"vertical-align: inherit;\"><span dir=\"auto\" style=\"vertical-align: inherit;\"><span dir=\"auto\" style=\"vertical-align: inherit;\"><span dir=\"auto\" style=\"vertical-align: inherit;\"><span dir=\"auto\" style=\"vertical-align: inherit;\"><span dir=\"auto\" style=\"vertical-align: inherit;\"><span dir=\"auto\" style=\"vertical-align: inherit;\"><span dir=\"auto\" style=\"vertical-align: inherit;\"><span dir=\"auto\" style=\"vertical-align: inherit;\"><span dir=\"auto\" style=\"vertical-align: inherit;\"><span dir=\"auto\" style=\"vertical-align: inherit;\">CLOUD 9 INC.<\/span><\/span><\/span><\/span><\/span><\/span><\/span><\/span><\/span><\/span><\/span><\/span><\/strong><\/span><\/h4><p style=\"text-align: left;\"><span dir=\"auto\" style=\"vertical-align: inherit;\"><span dir=\"auto\" style=\"vertical-align: inherit;\"><span dir=\"auto\" style=\"vertical-align: inherit;\"><span dir=\"auto\" style=\"vertical-align: inherit;\"><span dir=\"auto\" style=\"vertical-align: inherit;\"><span dir=\"auto\" style=\"vertical-align: inherit;\">Cloud 9 Inc. is Thailand&#8217;s leading concert and event promoter with over 20 years of experience in live entertainment. The team has produced hundreds of large-scale events, including arena and stadium concerts attended by more than 50,000 fans. Their portfolio includes collaborations with some of Asia&#8217;s biggest stars\u2014such as Super Junior, EXO, Rain, and Girls&#8217; Generation\u2014and the creation of White Party Bangkok, Asia&#8217;s largest gay dance festival<\/span><\/span><\/span><\/span><\/span><\/span><\/p>\t\t\t\t\t\t\t\t<\/div>\n\t\t\t\t<\/div>\n\t\t\t\t<div class=\"elementor-element elementor-element-9040993 elementor-widget elementor-widget-text-editor\" data-id=\"9040993\" data-element_type=\"widget\" data-widget_type=\"text-editor.default\">\n\t\t\t\t<div class=\"elementor-widget-container\">\n\t\t\t\t\t\t\t\t\t<h4 style=\"text-align: center;\"><span style=\"color: #0080bb;\"><strong><span dir=\"auto\" style=\"vertical-align: inherit;\"><span dir=\"auto\" style=\"vertical-align: inherit;\"><span dir=\"auto\" style=\"vertical-align: inherit;\"><span dir=\"auto\" style=\"vertical-align: inherit;\"><span dir=\"auto\" style=\"vertical-align: inherit;\"><span dir=\"auto\" style=\"vertical-align: inherit;\"><span dir=\"auto\" style=\"vertical-align: inherit;\"><span dir=\"auto\" style=\"vertical-align: inherit;\">MATIN\u00c9E GROUP<\/span><\/span><\/span><\/span><\/span><\/span><\/span><\/span><\/strong><\/span><\/h4><p style=\"text-align: left;\"><span dir=\"auto\" style=\"vertical-align: inherit;\"><span dir=\"auto\" style=\"vertical-align: inherit;\">Based in Barcelona, \u200b\u200bMatin\u00e9e Group is the powerhouse behind the world-renowned Circuit Festival. With over 20 years of experience, Matin\u00e9e has earned international recognition for producing iconic events such as Circuit Festival, Matin\u00e9e Easter Weekend, and the Matin\u00e9e World Tour, which spans more than 50 countries worldwide. Beyond events, the brand also operates a radio show, record label, and a successful streetwear line\u2014cementing its position as a global leader in nightlife and entertainment.<\/span><\/span><\/p>\t\t\t\t\t\t\t\t<\/div>\n\t\t\t\t<\/div>\n\t\t\t\t<\/div>\n\t\t\t\t<div class=\"elementor-element elementor-element-ca4efbf show-icon-effect-yes elementor-button-default elementor-widget elementor-widget-button\" data-id=\"ca4efbf\" data-element_type=\"widget\" data-widget_type=\"button.default\">\n\t\t\t\t<div class=\"elementor-widget-container\">\n\t\t\t\t\t\t\t\t\t<div class=\"elementor-button-wrapper\">\n\t\t\t\t\t<a class=\"elementor-button elementor-button-link elementor-size-sm\" href=\"https:\/\/matineegroup.com\/\" target=\"_blank\" rel=\"noopener\">\n\t\t\t\t\t\t<span class=\"elementor-button-content-wrapper\">\n\t\t\t\t\t\t<span class=\"elementor-button-icon\">\n\t\t\t\t<i aria-hidden=\"true\" class=\"djsound-icon- djsound-icon-arrow-down-right\"><\/i>\t\t\t<\/span>\n\t\t\t\t\t\t\t\t\t<span class=\"elementor-button-text\">Dicover more<\/span>\n\t\t\t\t\t<\/span>\n\t\t\t\t\t<\/a>\n\t\t\t\t<\/div>\n\t\t\t\t\t\t\t\t<\/div>\n\t\t\t\t<\/div>\n\t\t\t\t<\/div>\n\t\t\t\t\t<\/div>\n\t\t\t\t<\/div>\n\t\t\t\t<\/div>\n\t\t","protected":false},"excerpt":{"rendered":"<p>Where it all began Circuit Festival ASIA Circuit Festival Asia is produced by Cloud 9, the creators of White Party Bangkok, Thailand\u2019s largest gay dance festival, in collaboration with the renowned Matin\u00e9e Group, producers of Europe\u2019s biggest gay dance event, Circuit Festival Barcelona. Launched in 2018, this three-day, four-party extravaganza has welcomed thousands of partygoers [&hellip;]<\/p>\n","protected":false},"author":1,"featured_media":0,"parent":0,"menu_order":0,"comment_status":"closed","ping_status":"closed","template":"template-homepage.php","meta":{"footnotes":""},"class_list":["post-18","page","type-page","status-publish","hentry"],"_links":{"self":[{"href":"https:\/\/circuitfestival.net\/asia\/wp-json\/wp\/v2\/pages\/18","targetHints":{"allow":["GET"]}}],"collection":[{"href":"https:\/\/circuitfestival.net\/asia\/wp-json\/wp\/v2\/pages"}],"about":[{"href":"https:\/\/circuitfestival.net\/asia\/wp-json\/wp\/v2\/types\/page"}],"author":[{"embeddable":true,"href":"https:\/\/circuitfestival.net\/asia\/wp-json\/wp\/v2\/users\/1"}],"replies":[{"embeddable":true,"href":"https:\/\/circuitfestival.net\/asia\/wp-json\/wp\/v2\/comments?post=18"}],"version-history":[{"count":96,"href":"https:\/\/circuitfestival.net\/asia\/wp-json\/wp\/v2\/pages\/18\/revisions"}],"predecessor-version":[{"id":9166,"href":"https:\/\/circuitfestival.net\/asia\/wp-json\/wp\/v2\/pages\/18\/revisions\/9166"}],"wp:attachment":[{"href":"https:\/\/circuitfestival.net\/asia\/wp-json\/wp\/v2\/media?parent=18"}],"curies":[{"name":"wp","href":"https:\/\/api.w.org\/{rel}","templated":true}]}}